{"id":278,"date":"2025-03-06T22:17:50","date_gmt":"2025-03-06T21:17:50","guid":{"rendered":"https:\/\/galeriedecollections.com\/?page_id=278"},"modified":"2025-03-10T11:44:55","modified_gmt":"2025-03-10T10:44:55","slug":"porsche-unseen","status":"publish","type":"page","link":"https:\/\/galeriedecollections.com\/index.php\/porsche-unseen\/","title":{"rendered":"Porsche Unseen"},"content":{"rendered":"\n<p>Des miniatures au 1\/43eme, en s\u00e9rie limit\u00e9e, repr\u00e9sentant des mod\u00e8les de Porsche, \u00e9tude de style<\/p>\n\n\n\n<figure class=\"wp-block-gallery has-nested-images columns-default is-cropped wp-block-gallery-1 is-layout-flex wp-block-gallery-is-layout-flex\">\n<figure class=\"wp-block-image size-large\"><img loading=\"lazy\" decoding=\"async\" width=\"342\" height=\"212\" data-id=\"367\" src=\"https:\/\/galeriedecollections.com\/wp-content\/uploads\/2025\/03\/Screenshot-2025-02-26-at-18-49-14-Liste-de-souhaits-PORSCHE-SHOP-2.png\" alt=\"\" class=\"wp-image-367\" srcset=\"https:\/\/galeriedecollections.com\/wp-content\/uploads\/2025\/03\/Screenshot-2025-02-26-at-18-49-14-Liste-de-souhaits-PORSCHE-SHOP-2.png 342w, https:\/\/galeriedecollections.com\/wp-content\/uploads\/2025\/03\/Screenshot-2025-02-26-at-18-49-14-Liste-de-souhaits-PORSCHE-SHOP-2-300x186.png 300w\" sizes=\"auto, (max-width: 342px) 100vw, 342px\" \/><\/figure>\n\n\n\n<figure class=\"wp-block-image size-large\"><img loading=\"lazy\" decoding=\"async\" width=\"943\" height=\"757\" data-id=\"368\" src=\"https:\/\/galeriedecollections.com\/wp-content\/uploads\/2025\/03\/Screenshot-2025-02-26-at-19-21-44-Porsche-Mission-R-\u2013-Ltd.-PORSCHE-SHOP-1.png\" alt=\"\" class=\"wp-image-368\" srcset=\"https:\/\/galeriedecollections.com\/wp-content\/uploads\/2025\/03\/Screenshot-2025-02-26-at-19-21-44-Porsche-Mission-R-\u2013-Ltd.-PORSCHE-SHOP-1.png 943w, https:\/\/galeriedecollections.com\/wp-content\/uploads\/2025\/03\/Screenshot-2025-02-26-at-19-21-44-Porsche-Mission-R-\u2013-Ltd.-PORSCHE-SHOP-1-300x241.png 300w, https:\/\/galeriedecollections.com\/wp-content\/uploads\/2025\/03\/Screenshot-2025-02-26-at-19-21-44-Porsche-Mission-R-\u2013-Ltd.-PORSCHE-SHOP-1-768x617.png 768w\" sizes=\"auto, (max-width: 943px) 100vw, 943px\" \/><\/figure>\n\n\n\n<figure class=\"wp-block-image size-large\"><img loading=\"lazy\" decoding=\"async\" width=\"907\" height=\"663\" data-id=\"369\" src=\"https:\/\/galeriedecollections.com\/wp-content\/uploads\/2025\/03\/Screenshot-2025-03-10-at-11-42-23-Porsche-Vision-Spyder-\u2013-Ltd.-PORSCHE-SHOP.png\" alt=\"\" class=\"wp-image-369\" srcset=\"https:\/\/galeriedecollections.com\/wp-content\/uploads\/2025\/03\/Screenshot-2025-03-10-at-11-42-23-Porsche-Vision-Spyder-\u2013-Ltd.-PORSCHE-SHOP.png 907w, https:\/\/galeriedecollections.com\/wp-content\/uploads\/2025\/03\/Screenshot-2025-03-10-at-11-42-23-Porsche-Vision-Spyder-\u2013-Ltd.-PORSCHE-SHOP-300x219.png 300w, https:\/\/galeriedecollections.com\/wp-content\/uploads\/2025\/03\/Screenshot-2025-03-10-at-11-42-23-Porsche-Vision-Spyder-\u2013-Ltd.-PORSCHE-SHOP-768x561.png 768w\" sizes=\"auto, (max-width: 907px) 100vw, 907px\" \/><\/figure>\n\n\n\n<figure class=\"wp-block-image size-large\"><img loading=\"lazy\" decoding=\"async\" width=\"912\" height=\"708\" data-id=\"370\" src=\"https:\/\/galeriedecollections.com\/wp-content\/uploads\/2025\/03\/Screenshot-2025-03-10-at-11-43-42-Porsche-Le-Mans-Living-Legend-\u2013-Ltd.-PORSCHE-SHOP.png\" alt=\"\" class=\"wp-image-370\" srcset=\"https:\/\/galeriedecollections.com\/wp-content\/uploads\/2025\/03\/Screenshot-2025-03-10-at-11-43-42-Porsche-Le-Mans-Living-Legend-\u2013-Ltd.-PORSCHE-SHOP.png 912w, https:\/\/galeriedecollections.com\/wp-content\/uploads\/2025\/03\/Screenshot-2025-03-10-at-11-43-42-Porsche-Le-Mans-Living-Legend-\u2013-Ltd.-PORSCHE-SHOP-300x233.png 300w, https:\/\/galeriedecollections.com\/wp-content\/uploads\/2025\/03\/Screenshot-2025-03-10-at-11-43-42-Porsche-Le-Mans-Living-Legend-\u2013-Ltd.-PORSCHE-SHOP-768x596.png 768w\" sizes=\"auto, (max-width: 912px) 100vw, 912px\" \/><\/figure>\n<\/figure>\n\n\n\n<p>Ces mod\u00e8les sont d\u00e9crits dans l&rsquo;ouvrage suivant:<\/p>\n\n\n\n<figure class=\"wp-block-image size-full\"><img loading=\"lazy\" decoding=\"async\" width=\"394\" height=\"538\" src=\"https:\/\/galeriedecollections.com\/wp-content\/uploads\/2025\/03\/Screenshot-2025-02-26-at-18-46-30-porsche-unseen-Recherche-Google.png\" alt=\"\" class=\"wp-image-282\" srcset=\"https:\/\/galeriedecollections.com\/wp-content\/uploads\/2025\/03\/Screenshot-2025-02-26-at-18-46-30-porsche-unseen-Recherche-Google.png 394w, https:\/\/galeriedecollections.com\/wp-content\/uploads\/2025\/03\/Screenshot-2025-02-26-at-18-46-30-porsche-unseen-Recherche-Google-220x300.png 220w\" sizes=\"auto, (max-width: 394px) 100vw, 394px\" \/><\/figure>\n","protected":false},"excerpt":{"rendered":"<p>Des miniatures au 1\/43eme, en s\u00e9rie limit\u00e9e, repr\u00e9sentant des mod\u00e8les de Porsche, \u00e9tude de style Ces mod\u00e8les sont d\u00e9crits dans l&rsquo;ouvrage suivant:<\/p>\n","protected":false},"author":1,"featured_media":0,"parent":0,"menu_order":0,"comment_status":"closed","ping_status":"closed","template":"","meta":{"footnotes":""},"class_list":["post-278","page","type-page","status-publish","hentry"],"_links":{"self":[{"href":"https:\/\/galeriedecollections.com\/index.php\/wp-json\/wp\/v2\/pages\/278","targetHints":{"allow":["GET"]}}],"collection":[{"href":"https:\/\/galeriedecollections.com\/index.php\/wp-json\/wp\/v2\/pages"}],"about":[{"href":"https:\/\/galeriedecollections.com\/index.php\/wp-json\/wp\/v2\/types\/page"}],"author":[{"embeddable":true,"href":"https:\/\/galeriedecollections.com\/index.php\/wp-json\/wp\/v2\/users\/1"}],"replies":[{"embeddable":true,"href":"https:\/\/galeriedecollections.com\/index.php\/wp-json\/wp\/v2\/comments?post=278"}],"version-history":[{"count":2,"href":"https:\/\/galeriedecollections.com\/index.php\/wp-json\/wp\/v2\/pages\/278\/revisions"}],"predecessor-version":[{"id":371,"href":"https:\/\/galeriedecollections.com\/index.php\/wp-json\/wp\/v2\/pages\/278\/revisions\/371"}],"wp:attachment":[{"href":"https:\/\/galeriedecollections.com\/index.php\/wp-json\/wp\/v2\/media?parent=278"}],"curies":[{"name":"wp","href":"https:\/\/api.w.org\/{rel}","templated":true}]}}