{"id":87,"date":"2025-02-27T19:00:14","date_gmt":"2025-02-27T18:00:14","guid":{"rendered":"https:\/\/galeriedecollections.com\/?page_id=87"},"modified":"2025-03-16T22:25:55","modified_gmt":"2025-03-16T21:25:55","slug":"objet-dart-populaire-en-bois","status":"publish","type":"page","link":"https:\/\/galeriedecollections.com\/index.php\/objet-dart-populaire-en-bois\/","title":{"rendered":"Objets d&rsquo;art populaire en bois"},"content":{"rendered":"\n<p>Les objets de la cuisine<\/p>\n\n\n\n<figure class=\"wp-block-gallery has-nested-images columns-default is-cropped wp-block-gallery-1 is-layout-flex wp-block-gallery-is-layout-flex\">\n<figure class=\"wp-block-image size-large\"><img loading=\"lazy\" decoding=\"async\" width=\"1024\" height=\"768\" data-id=\"100\" src=\"https:\/\/galeriedecollections.com\/wp-content\/uploads\/2025\/02\/mouleabeurre2-1024x768.jpg\" alt=\"\" class=\"wp-image-100\" srcset=\"https:\/\/galeriedecollections.com\/wp-content\/uploads\/2025\/02\/mouleabeurre2-1024x768.jpg 1024w, https:\/\/galeriedecollections.com\/wp-content\/uploads\/2025\/02\/mouleabeurre2-300x225.jpg 300w, https:\/\/galeriedecollections.com\/wp-content\/uploads\/2025\/02\/mouleabeurre2-768x576.jpg 768w, https:\/\/galeriedecollections.com\/wp-content\/uploads\/2025\/02\/mouleabeurre2-1536x1152.jpg 1536w, https:\/\/galeriedecollections.com\/wp-content\/uploads\/2025\/02\/mouleabeurre2-2048x1536.jpg 2048w\" sizes=\"auto, (max-width: 1024px) 100vw, 1024px\" \/><figcaption class=\"wp-element-caption\">Moule \u00e0 beurre<\/figcaption><\/figure>\n\n\n\n<figure class=\"wp-block-image size-large\"><img loading=\"lazy\" decoding=\"async\" width=\"1024\" height=\"768\" data-id=\"99\" src=\"https:\/\/galeriedecollections.com\/wp-content\/uploads\/2025\/02\/mouleabeurre1-1024x768.jpg\" alt=\"\" class=\"wp-image-99\" srcset=\"https:\/\/galeriedecollections.com\/wp-content\/uploads\/2025\/02\/mouleabeurre1-1024x768.jpg 1024w, https:\/\/galeriedecollections.com\/wp-content\/uploads\/2025\/02\/mouleabeurre1-300x225.jpg 300w, https:\/\/galeriedecollections.com\/wp-content\/uploads\/2025\/02\/mouleabeurre1-768x576.jpg 768w, https:\/\/galeriedecollections.com\/wp-content\/uploads\/2025\/02\/mouleabeurre1-1536x1152.jpg 1536w, https:\/\/galeriedecollections.com\/wp-content\/uploads\/2025\/02\/mouleabeurre1-2048x1536.jpg 2048w\" sizes=\"auto, (max-width: 1024px) 100vw, 1024px\" \/><figcaption class=\"wp-element-caption\">Moule \u00e0 beurre<\/figcaption><\/figure>\n\n\n\n<figure class=\"wp-block-image size-large\"><img loading=\"lazy\" decoding=\"async\" width=\"1024\" height=\"768\" data-id=\"98\" src=\"https:\/\/galeriedecollections.com\/wp-content\/uploads\/2025\/02\/louche1-1024x768.jpg\" alt=\"\" class=\"wp-image-98\" srcset=\"https:\/\/galeriedecollections.com\/wp-content\/uploads\/2025\/02\/louche1-1024x768.jpg 1024w, https:\/\/galeriedecollections.com\/wp-content\/uploads\/2025\/02\/louche1-300x225.jpg 300w, https:\/\/galeriedecollections.com\/wp-content\/uploads\/2025\/02\/louche1-768x576.jpg 768w, https:\/\/galeriedecollections.com\/wp-content\/uploads\/2025\/02\/louche1-1536x1152.jpg 1536w, https:\/\/galeriedecollections.com\/wp-content\/uploads\/2025\/02\/louche1-2048x1536.jpg 2048w\" sizes=\"auto, (max-width: 1024px) 100vw, 1024px\" \/><figcaption class=\"wp-element-caption\">Louche monoxyle<\/figcaption><\/figure>\n\n\n\n<figure class=\"wp-block-image size-large\"><img loading=\"lazy\" decoding=\"async\" width=\"1024\" height=\"768\" data-id=\"97\" src=\"https:\/\/galeriedecollections.com\/wp-content\/uploads\/2025\/02\/cuilleres-1024x768.jpg\" alt=\"\" class=\"wp-image-97\" srcset=\"https:\/\/galeriedecollections.com\/wp-content\/uploads\/2025\/02\/cuilleres-1024x768.jpg 1024w, https:\/\/galeriedecollections.com\/wp-content\/uploads\/2025\/02\/cuilleres-300x225.jpg 300w, https:\/\/galeriedecollections.com\/wp-content\/uploads\/2025\/02\/cuilleres-768x576.jpg 768w, https:\/\/galeriedecollections.com\/wp-content\/uploads\/2025\/02\/cuilleres-1536x1152.jpg 1536w, https:\/\/galeriedecollections.com\/wp-content\/uploads\/2025\/02\/cuilleres-2048x1536.jpg 2048w\" sizes=\"auto, (max-width: 1024px) 100vw, 1024px\" \/><figcaption class=\"wp-element-caption\">Louches<\/figcaption><\/figure>\n\n\n\n<figure class=\"wp-block-image size-large\"><img loading=\"lazy\" decoding=\"async\" width=\"768\" height=\"1024\" data-id=\"102\" src=\"https:\/\/galeriedecollections.com\/wp-content\/uploads\/2025\/02\/pouleasel-768x1024.jpg\" alt=\"\" class=\"wp-image-102\" srcset=\"https:\/\/galeriedecollections.com\/wp-content\/uploads\/2025\/02\/pouleasel-768x1024.jpg 768w, https:\/\/galeriedecollections.com\/wp-content\/uploads\/2025\/02\/pouleasel-225x300.jpg 225w, https:\/\/galeriedecollections.com\/wp-content\/uploads\/2025\/02\/pouleasel-1152x1536.jpg 1152w, https:\/\/galeriedecollections.com\/wp-content\/uploads\/2025\/02\/pouleasel-1536x2048.jpg 1536w, https:\/\/galeriedecollections.com\/wp-content\/uploads\/2025\/02\/pouleasel-scaled.jpg 1920w\" sizes=\"auto, (max-width: 768px) 100vw, 768px\" \/><figcaption class=\"wp-element-caption\">Poule \u00e0 sel<\/figcaption><\/figure>\n<\/figure>\n\n\n\n<p>Les outils de la ferme<\/p>\n\n\n\n<figure class=\"wp-block-gallery has-nested-images columns-default is-cropped wp-block-gallery-2 is-layout-flex wp-block-gallery-is-layout-flex\">\n<figure class=\"wp-block-image size-large\"><img loading=\"lazy\" decoding=\"async\" width=\"768\" height=\"1024\" data-id=\"95\" src=\"https:\/\/galeriedecollections.com\/wp-content\/uploads\/2025\/02\/cofin1-768x1024.jpg\" alt=\"\" class=\"wp-image-95\" srcset=\"https:\/\/galeriedecollections.com\/wp-content\/uploads\/2025\/02\/cofin1-768x1024.jpg 768w, https:\/\/galeriedecollections.com\/wp-content\/uploads\/2025\/02\/cofin1-225x300.jpg 225w, https:\/\/galeriedecollections.com\/wp-content\/uploads\/2025\/02\/cofin1-1152x1536.jpg 1152w, https:\/\/galeriedecollections.com\/wp-content\/uploads\/2025\/02\/cofin1-1536x2048.jpg 1536w, https:\/\/galeriedecollections.com\/wp-content\/uploads\/2025\/02\/cofin1-scaled.jpg 1920w\" sizes=\"auto, (max-width: 768px) 100vw, 768px\" \/><figcaption class=\"wp-element-caption\">Coffin<\/figcaption><\/figure>\n\n\n\n<figure class=\"wp-block-image size-large\"><img loading=\"lazy\" decoding=\"async\" width=\"1024\" height=\"768\" data-id=\"96\" src=\"https:\/\/galeriedecollections.com\/wp-content\/uploads\/2025\/02\/cofin2-1024x768.jpg\" alt=\"\" class=\"wp-image-96\" srcset=\"https:\/\/galeriedecollections.com\/wp-content\/uploads\/2025\/02\/cofin2-1024x768.jpg 1024w, https:\/\/galeriedecollections.com\/wp-content\/uploads\/2025\/02\/cofin2-300x225.jpg 300w, https:\/\/galeriedecollections.com\/wp-content\/uploads\/2025\/02\/cofin2-768x576.jpg 768w, https:\/\/galeriedecollections.com\/wp-content\/uploads\/2025\/02\/cofin2-1536x1152.jpg 1536w, https:\/\/galeriedecollections.com\/wp-content\/uploads\/2025\/02\/cofin2-2048x1536.jpg 2048w\" sizes=\"auto, (max-width: 1024px) 100vw, 1024px\" \/><figcaption class=\"wp-element-caption\">Coffin<\/figcaption><\/figure>\n\n\n\n<figure class=\"wp-block-image size-large\"><img loading=\"lazy\" decoding=\"async\" width=\"1024\" height=\"768\" data-id=\"103\" src=\"https:\/\/galeriedecollections.com\/wp-content\/uploads\/2025\/02\/sonaille-1024x768.jpg\" alt=\"\" class=\"wp-image-103\" srcset=\"https:\/\/galeriedecollections.com\/wp-content\/uploads\/2025\/02\/sonaille-1024x768.jpg 1024w, https:\/\/galeriedecollections.com\/wp-content\/uploads\/2025\/02\/sonaille-300x225.jpg 300w, https:\/\/galeriedecollections.com\/wp-content\/uploads\/2025\/02\/sonaille-768x576.jpg 768w, https:\/\/galeriedecollections.com\/wp-content\/uploads\/2025\/02\/sonaille-1536x1152.jpg 1536w, https:\/\/galeriedecollections.com\/wp-content\/uploads\/2025\/02\/sonaille-2048x1536.jpg 2048w\" sizes=\"auto, (max-width: 1024px) 100vw, 1024px\" \/><figcaption class=\"wp-element-caption\">Collier \u00e0 sonaille<\/figcaption><\/figure>\n<\/figure>\n\n\n\n<p>Les objets de pi\u00e9t\u00e9s<\/p>\n\n\n\n<figure class=\"wp-block-gallery has-nested-images columns-default is-cropped wp-block-gallery-3 is-layout-flex wp-block-gallery-is-layout-flex\">\n<figure class=\"wp-block-image size-large\"><img loading=\"lazy\" decoding=\"async\" width=\"768\" height=\"1024\" data-id=\"304\" src=\"https:\/\/galeriedecollections.com\/wp-content\/uploads\/2025\/03\/boite1-768x1024-1.jpg\" alt=\"\" class=\"wp-image-304\" srcset=\"https:\/\/galeriedecollections.com\/wp-content\/uploads\/2025\/03\/boite1-768x1024-1.jpg 768w, https:\/\/galeriedecollections.com\/wp-content\/uploads\/2025\/03\/boite1-768x1024-1-225x300.jpg 225w\" sizes=\"auto, (max-width: 768px) 100vw, 768px\" \/><\/figure>\n\n\n\n<figure class=\"wp-block-image size-large\"><img loading=\"lazy\" decoding=\"async\" width=\"768\" height=\"1024\" data-id=\"94\" src=\"https:\/\/galeriedecollections.com\/wp-content\/uploads\/2025\/02\/boite2-1-768x1024.jpg\" alt=\"\" class=\"wp-image-94\" srcset=\"https:\/\/galeriedecollections.com\/wp-content\/uploads\/2025\/02\/boite2-1-768x1024.jpg 768w, https:\/\/galeriedecollections.com\/wp-content\/uploads\/2025\/02\/boite2-1-225x300.jpg 225w, https:\/\/galeriedecollections.com\/wp-content\/uploads\/2025\/02\/boite2-1-1152x1536.jpg 1152w, https:\/\/galeriedecollections.com\/wp-content\/uploads\/2025\/02\/boite2-1-1536x2048.jpg 1536w, https:\/\/galeriedecollections.com\/wp-content\/uploads\/2025\/02\/boite2-1-scaled.jpg 1920w\" sizes=\"auto, (max-width: 768px) 100vw, 768px\" \/><\/figure>\n<\/figure>\n\n\n\n<p>Vous pouvez nous contacter par mail : <a href=\"mailto:contact@galeriedecollections.com\">contact@galeriedecollections.com<\/a> <\/p>\n\n\n\n<p>Litt\u00e9rature : <\/p>\n\n\n\n<figure class=\"wp-block-image size-full\"><img loading=\"lazy\" decoding=\"async\" width=\"300\" height=\"342\" src=\"https:\/\/galeriedecollections.com\/wp-content\/uploads\/2025\/03\/51X1wyyjjL._SY342_.jpg\" alt=\"\" class=\"wp-image-302\" srcset=\"https:\/\/galeriedecollections.com\/wp-content\/uploads\/2025\/03\/51X1wyyjjL._SY342_.jpg 300w, https:\/\/galeriedecollections.com\/wp-content\/uploads\/2025\/03\/51X1wyyjjL._SY342_-263x300.jpg 263w\" sizes=\"auto, (max-width: 300px) 100vw, 300px\" \/><\/figure>\n","protected":false},"excerpt":{"rendered":"<p>Les objets de la cuisine Les outils de la ferme Les objets de pi\u00e9t\u00e9s Vous pouvez nous contacter par mail : contact@galeriedecollections.com Litt\u00e9rature :<\/p>\n","protected":false},"author":1,"featured_media":0,"parent":0,"menu_order":0,"comment_status":"closed","ping_status":"closed","template":"","meta":{"footnotes":""},"class_list":["post-87","page","type-page","status-publish","hentry"],"_links":{"self":[{"href":"https:\/\/galeriedecollections.com\/index.php\/wp-json\/wp\/v2\/pages\/87","targetHints":{"allow":["GET"]}}],"collection":[{"href":"https:\/\/galeriedecollections.com\/index.php\/wp-json\/wp\/v2\/pages"}],"about":[{"href":"https:\/\/galeriedecollections.com\/index.php\/wp-json\/wp\/v2\/types\/page"}],"author":[{"embeddable":true,"href":"https:\/\/galeriedecollections.com\/index.php\/wp-json\/wp\/v2\/users\/1"}],"replies":[{"embeddable":true,"href":"https:\/\/galeriedecollections.com\/index.php\/wp-json\/wp\/v2\/comments?post=87"}],"version-history":[{"count":4,"href":"https:\/\/galeriedecollections.com\/index.php\/wp-json\/wp\/v2\/pages\/87\/revisions"}],"predecessor-version":[{"id":447,"href":"https:\/\/galeriedecollections.com\/index.php\/wp-json\/wp\/v2\/pages\/87\/revisions\/447"}],"wp:attachment":[{"href":"https:\/\/galeriedecollections.com\/index.php\/wp-json\/wp\/v2\/media?parent=87"}],"curies":[{"name":"wp","href":"https:\/\/api.w.org\/{rel}","templated":true}]}}